{"id":2,"date":"2023-03-03T04:52:59","date_gmt":"2023-03-03T04:52:59","guid":{"rendered":"https:\/\/atlasconstructora.cl\/?page_id=2"},"modified":"2026-03-01T03:12:05","modified_gmt":"2026-03-01T03:12:05","slug":"landing","status":"publish","type":"page","link":"https:\/\/atlasconstructora.cl\/","title":{"rendered":"Landing"},"content":{"rendered":"<p>[et_pb_section fb_built=\u00bb1&#8243; fullwidth=\u00bbon\u00bb _builder_version=\u00bb4.8.1&#8243; _module_preset=\u00bbdefault\u00bb][et_pb_fullwidth_header title=\u00bbProyectos Inmobiliarios, Soluciones Habitacionales y Mejoramientos Sociales.\u00bb header_fullscreen=\u00bbon\u00bb header_scroll_down=\u00bbon\u00bb scroll_down_icon=\u00bb%%2%%\u00bb background_overlay_color=\u00bbrgba(91,91,95,0.6)\u00bb image_orientation=\u00bbbottom\u00bb _builder_version=\u00bb4.8.1&#8243; _module_preset=\u00bbdefault\u00bb title_font=\u00bb|700|||||||\u00bb title_text_align=\u00bbcenter\u00bb title_font_size=\u00bb40px\u00bb background_image=\u00bbhttps:\/\/atlasconstructora.cl\/wp-content\/uploads\/2023\/04\/maquinas-pesadas-trabajadores-construccion-trabajando-edificio-scaled.jpg\u00bb parallax=\u00bbon\u00bb module_alignment=\u00bbcenter\u00bb animation_style=\u00bbfade\u00bb sticky_position=\u00bbbottom\u00bb title_text_shadow_style=\u00bbpreset2&#8243; box_shadow_style=\u00bbpreset3&#8243; text_shadow_style=\u00bbpreset1&#8243;][\/et_pb_fullwidth_header][\/et_pb_section][et_pb_section fb_built=\u00bb1&#8243; _builder_version=\u00bb4.8.1&#8243; _module_preset=\u00bbdefault\u00bb background_color=\u00bb#FEEE00&#8243; box_shadow_style=\u00bbpreset3&#8243;][et_pb_row _builder_version=\u00bb4.8.1&#8243; _module_preset=\u00bbdefault\u00bb][et_pb_column type=\u00bb4_4&#8243; _builder_version=\u00bb4.8.1&#8243; _module_preset=\u00bbdefault\u00bb][et_pb_text _builder_version=\u00bb4.8.1&#8243; _module_preset=\u00bbdefault\u00bb header_font_size=\u00bb40px\u00bb]<\/p>\n<h1 style=\"text-align: center;\">Nuestros Servicios<\/h1>\n<p>[\/et_pb_text][\/et_pb_column][\/et_pb_row][\/et_pb_section][et_pb_section fb_built=\u00bb1&#8243; _builder_version=\u00bb4.8.1&#8243; _module_preset=\u00bbdefault\u00bb background_color=\u00bb#5B5B5F\u00bb animation_style=\u00bbfade\u00bb box_shadow_style=\u00bbpreset3&#8243;][et_pb_row column_structure=\u00bb1_3,1_3,1_3&#8243; use_custom_gutter=\u00bbon\u00bb make_equal=\u00bbon\u00bb _builder_version=\u00bb4.8.1&#8243; _module_preset=\u00bbdefault\u00bb width=\u00bb100%\u00bb width_tablet=\u00bb\u00bb width_phone=\u00bb90%\u00bb width_last_edited=\u00bbon|desktop\u00bb module_alignment=\u00bbcenter\u00bb animation_style=\u00bbslide\u00bb width__hover_enabled=\u00bbon|desktop\u00bb][et_pb_column type=\u00bb1_3&#8243; _builder_version=\u00bb4.8.1&#8243; _module_preset=\u00bbdefault\u00bb][et_pb_image src=\u00bbhttps:\/\/atlasconstructora.cl\/wp-content\/uploads\/2023\/03\/civiles.png\u00bb title_text=\u00bbciviles\u00bb align=\u00bbcenter\u00bb _builder_version=\u00bb4.8.1&#8243; _module_preset=\u00bbdefault\u00bb][\/et_pb_image][et_pb_text _builder_version=\u00bb4.8.1&#8243; _module_preset=\u00bbdefault\u00bb custom_margin=\u00bb||76px|||\u00bb]<\/p>\n<h3><strong><span style=\"color: #feee00;\">Proyectos Inmobiliarios<\/span><\/strong><\/h3>\n<p style=\"text-align: justify;\"><span color=\"#ffffff\" style=\"color: #ffffff;\"><span>Participamos en proyectos inmobiliarios desde la g\u00e9nesis de estos, con el fin de conseguir factibilidad,\u00a0<\/span><span color=\"#ffffff\">eficiencia e integraci\u00f3n de todas las especialidades. Siendo el fin \u00faltimo la competitividad comercial y la satisfacci\u00f3n final del cliente.<\/span>\u00a0<\/span><\/p>\n<p>[\/et_pb_text][et_pb_button button_url=\u00bbhttps:\/\/atlasconstructora.cl\/?page_id=404&#8243; button_text=\u00bbVer+\u00bb button_alignment=\u00bbcenter\u00bb _builder_version=\u00bb4.8.1&#8243; _module_preset=\u00bbdefault\u00bb custom_button=\u00bbon\u00bb button_text_size=\u00bb16px\u00bb button_border_width=\u00bb1px\u00bb button_border_radius=\u00bb20px\u00bb][\/et_pb_button][\/et_pb_column][et_pb_column type=\u00bb1_3&#8243; _builder_version=\u00bb4.8.1&#8243; _module_preset=\u00bbdefault\u00bb][et_pb_image src=\u00bbhttps:\/\/atlasconstructora.cl\/wp-content\/uploads\/2023\/03\/patrimonio.png\u00bb title_text=\u00bbpatrimonio\u00bb align=\u00bbcenter\u00bb _builder_version=\u00bb4.8.1&#8243; _module_preset=\u00bbdefault\u00bb][\/et_pb_image][et_pb_text _builder_version=\u00bb4.8.1&#8243; _module_preset=\u00bbdefault\u00bb custom_margin=\u00bb||72px|||\u00bb]<\/p>\n<h3><strong><span style=\"color: #feee00;\">Restauraci\u00f3n Patrimonial<\/span><\/strong><\/h3>\n<p style=\"text-align: justify;\"><span style=\"color: #ffffff;\">Nuestra empresa se destaca en el rubro por la realizaci\u00f3n de un sinn\u00famero de proyectos de restauraci\u00f3n patrimonial en la ciudad de Valpara\u00edso, Patrimonio de la Humanidad de la UNESCO desde el a\u00f1o 2003.<\/span><\/p>\n<p>[\/et_pb_text][et_pb_button button_url=\u00bbhttps:\/\/atlasconstructora.cl\/?page_id=404&#8243; button_text=\u00bbVer+\u00bb button_alignment=\u00bbcenter\u00bb _builder_version=\u00bb4.8.1&#8243; _module_preset=\u00bbdefault\u00bb custom_button=\u00bbon\u00bb button_text_size=\u00bb16px\u00bb button_border_width=\u00bb1px\u00bb button_border_radius=\u00bb20px\u00bb][\/et_pb_button][\/et_pb_column][et_pb_column type=\u00bb1_3&#8243; _builder_version=\u00bb4.8.1&#8243; _module_preset=\u00bbdefault\u00bb][et_pb_image src=\u00bbhttps:\/\/atlasconstructora.cl\/wp-content\/uploads\/2023\/03\/habitab.png\u00bb align=\u00bbcenter\u00bb _builder_version=\u00bb4.8.1&#8243; _module_preset=\u00bbdefault\u00bb][\/et_pb_image][et_pb_text _builder_version=\u00bb4.8.1&#8243; _module_preset=\u00bbdefault\u00bb]<\/p>\n<h3><span style=\"color: #feee00;\"><strong>Habitabilidad<\/strong><\/span><\/h3>\n<p style=\"text-align: justify;\"><span style=\"color: #ffffff;\">Nuestro compromiso es el mejoramiento de la calidad de vida de la poblaci\u00f3n m\u00e1s vulnerable. Por eso, hemos adquirido la responsabilidad de reparar m\u00e1s de 3.800 viviendas, proporcion\u00e1ndoles as\u00ed un mejor bienestar a sus habitantes.<\/span><\/p>\n<p>[\/et_pb_text][et_pb_button button_url=\u00bbhttps:\/\/atlasconstructora.cl\/?page_id=404&#8243; button_text=\u00bbVer+\u00bb button_alignment=\u00bbcenter\u00bb _builder_version=\u00bb4.8.1&#8243; _module_preset=\u00bbdefault\u00bb custom_button=\u00bbon\u00bb button_text_size=\u00bb16px\u00bb button_border_width=\u00bb1px\u00bb button_border_radius=\u00bb20px\u00bb][\/et_pb_button][\/et_pb_column][\/et_pb_row][\/et_pb_section][et_pb_section fb_built=\u00bb1&#8243; _builder_version=\u00bb4.8.1&#8243; _module_preset=\u00bbdefault\u00bb background_color=\u00bb#FEEE00&#8243; animation_style=\u00bbfade\u00bb][et_pb_row _builder_version=\u00bb4.8.1&#8243; _module_preset=\u00bbdefault\u00bb animation_style=\u00bbslide\u00bb][et_pb_column type=\u00bb4_4&#8243; _builder_version=\u00bb4.8.1&#8243; _module_preset=\u00bbdefault\u00bb][et_pb_text _builder_version=\u00bb4.8.1&#8243; _module_preset=\u00bbdefault\u00bb]<\/p>\n<h1 style=\"text-align: center;\"><span style=\"color: #5b5b5f;\">Nuestra Ubicaci\u00f3n<\/span><\/h1>\n<h3 style=\"text-align: center;\"><span style=\"color: #5b5b5f;\">Av. Apoquindo 7935, Of. N\u00ba 416, Las Condes, Stgo de Chile.<\/span><\/h3>\n<p>[\/et_pb_text][\/et_pb_column][\/et_pb_row][\/et_pb_section][et_pb_section fb_built=\u00bb1&#8243; fullwidth=\u00bbon\u00bb _builder_version=\u00bb4.8.1&#8243; _module_preset=\u00bbdefault\u00bb][et_pb_fullwidth_code _builder_version=\u00bb4.8.1&#8243; _module_preset=\u00bbdefault\u00bb]<iframe src=\"https:\/\/www.google.com\/maps\/embed?pb=!1m18!1m12!1m3!1d3330.5603798433435!2d-70.55086778480171!3d-33.40863178078584!2m3!1f0!2f0!3f0!3m2!1i1024!2i768!4f13.1!3m3!1m2!1s0x9662ce9569ad04e7%3A0xb45c76d3ad12935f!2sAv.%20Apoquindo%207935%2C%20Of%20416%2C%20Las%20Condes%2C%20Regi%C3%B3n%20Metropolitana!5e0!3m2!1ses!2scl!4v1678160843989!5m2!1ses!2scl\" width=\"100%\" height=\"350\" style=\"border:0;\" allowfullscreen=\"\" loading=\"lazy\" referrerpolicy=\"no-referrer-when-downgrade\"><\/iframe>[\/et_pb_fullwidth_code][\/et_pb_section][et_pb_section fb_built=\u00bb1&#8243; inner_shadow=\u00bbon\u00bb _builder_version=\u00bb4.8.1&#8243; _module_preset=\u00bbdefault\u00bb background_color=\u00bb#5B5B5F\u00bb custom_padding=\u00bb||4px|||\u00bb animation_style=\u00bbfade\u00bb][et_pb_row column_structure=\u00bb1_3,1_3,1_3&#8243; _builder_version=\u00bb4.8.1&#8243; _module_preset=\u00bbdefault\u00bb animation_style=\u00bbslide\u00bb][et_pb_column type=\u00bb1_3&#8243; _builder_version=\u00bb4.8.1&#8243; _module_preset=\u00bbdefault\u00bb][et_pb_image src=\u00bbhttps:\/\/atlasconstructora.cl\/wp-content\/uploads\/2023\/03\/logotipo-360-white-1.png\u00bb title_text=\u00bblogotipo-360-white\u00bb align=\u00bbcenter\u00bb _builder_version=\u00bb4.8.1&#8243; _module_preset=\u00bbdefault\u00bb width=\u00bb34%\u00bb][\/et_pb_image][\/et_pb_column][et_pb_column type=\u00bb1_3&#8243; _builder_version=\u00bb4.8.1&#8243; _module_preset=\u00bbdefault\u00bb][et_pb_text _builder_version=\u00bb4.8.1&#8243; _module_preset=\u00bbdefault\u00bb]<span style=\"color: #ffffff;\">Dir: Av. Apoquindo #7935, Of. 416, ps4, Las condes. Stgo de Chile.<\/span><\/p>\n<p><span style=\"color: #ffffff;\">Tel.:\u00a0+569 4891 6629<\/span><\/p>\n<p><span style=\"color: #ffffff;\">e-mail:\u00a0contacto@atlasconstructora.cl<\/span><\/p>\n<p><span style=\"color: #ffffff;\">url: www.atlasconstructora.cl<\/span>[\/et_pb_text][\/et_pb_column][et_pb_column type=\u00bb1_3&#8243; _builder_version=\u00bb4.8.1&#8243; _module_preset=\u00bbdefault\u00bb][et_pb_menu submenu_direction=\u00bbdownwards\u00bb active_link_color=\u00bb#feee00&#8243; dropdown_menu_bg_color=\u00bb#5B5B5F\u00bb _builder_version=\u00bb4.8.1&#8243; _module_preset=\u00bbdefault\u00bb menu_font=\u00bb||||||||\u00bb menu_text_color=\u00bb#FEEE00&#8243; background_enable_color=\u00bboff\u00bb background_layout=\u00bbdark\u00bb overflow-x=\u00bbvisible\u00bb overflow-y=\u00bbvisible\u00bb animation_style=\u00bbfade\u00bb][\/et_pb_menu][\/et_pb_column][\/et_pb_row][et_pb_row make_equal=\u00bbon\u00bb _builder_version=\u00bb4.8.1&#8243; _module_preset=\u00bbdefault\u00bb width=\u00bb100%\u00bb width_tablet=\u00bb\u00bb width_phone=\u00bb\u00bb width_last_edited=\u00bbon|phone\u00bb custom_padding=\u00bb|||29px||\u00bb][et_pb_column type=\u00bb4_4&#8243; _builder_version=\u00bb4.8.1&#8243; _module_preset=\u00bbdefault\u00bb][et_pb_image src=\u00bbhttps:\/\/atlasconstructora.cl\/wp-content\/uploads\/2023\/03\/felipe-marin-desarrollador-web.png\u00bb title_text=\u00bbfelipe-marin-desarrollador-web\u00bb url=\u00bbhttps:\/\/felipemarin.cl\/\u00bb url_new_window=\u00bbon\u00bb align=\u00bbcenter\u00bb align_tablet=\u00bb\u00bb align_phone=\u00bb\u00bb align_last_edited=\u00bbon|phone\u00bb _builder_version=\u00bb4.8.1&#8243; _module_preset=\u00bbdefault\u00bb width=\u00bb5%\u00bb width_tablet=\u00bb\u00bb width_phone=\u00bb9%\u00bb width_last_edited=\u00bbon|tablet\u00bb][\/et_pb_image][\/et_pb_column][\/et_pb_row][\/et_pb_section]<\/p>\n","protected":false},"excerpt":{"rendered":"<p>[et_pb_section fb_built=\u00bb1&#8243; fullwidth=\u00bbon\u00bb _builder_version=\u00bb4.8.1&#8243; _module_preset=\u00bbdefault\u00bb][et_pb_fullwidth_header title=\u00bbProyectos Inmobiliarios, Soluciones Habitacionales y Mejoramientos Sociales.\u00bb header_fullscreen=\u00bbon\u00bb header_scroll_down=\u00bbon\u00bb scroll_down_icon=\u00bb%%2%%\u00bb background_overlay_color=\u00bbrgba(91,91,95,0.6)\u00bb image_orientation=\u00bbbottom\u00bb _builder_version=\u00bb4.8.1&#8243; _module_preset=\u00bbdefault\u00bb title_font=\u00bb|700|||||||\u00bb title_text_align=\u00bbcenter\u00bb title_font_size=\u00bb40px\u00bb background_image=\u00bbhttps:\/\/atlasconstructora.cl\/wp-content\/uploads\/2023\/04\/maquinas-pesadas-trabajadores-construccion-trabajando-edificio-scaled.jpg\u00bb parallax=\u00bbon\u00bb module_alignment=\u00bbcenter\u00bb animation_style=\u00bbfade\u00bb sticky_position=\u00bbbottom\u00bb title_text_shadow_style=\u00bbpreset2&#8243; box_shadow_style=\u00bbpreset3&#8243; text_shadow_style=\u00bbpreset1&#8243;][\/et_pb_fullwidth_header][\/et_pb_section][et_pb_section fb_built=\u00bb1&#8243; _builder_version=\u00bb4.8.1&#8243; _module_preset=\u00bbdefault\u00bb background_color=\u00bb#FEEE00&#8243; box_shadow_style=\u00bbpreset3&#8243;][et_pb_row _builder_version=\u00bb4.8.1&#8243; _module_preset=\u00bbdefault\u00bb][et_pb_column type=\u00bb4_4&#8243; _builder_version=\u00bb4.8.1&#8243; _module_preset=\u00bbdefault\u00bb][et_pb_text _builder_version=\u00bb4.8.1&#8243; _module_preset=\u00bbdefault\u00bb header_font_size=\u00bb40px\u00bb] Nuestros Servicios [\/et_pb_text][\/et_pb_column][\/et_pb_row][\/et_pb_section][et_pb_section fb_built=\u00bb1&#8243; _builder_version=\u00bb4.8.1&#8243; _module_preset=\u00bbdefault\u00bb background_color=\u00bb#5B5B5F\u00bb animation_style=\u00bbfade\u00bb box_shadow_style=\u00bbpreset3&#8243;][et_pb_row column_structure=\u00bb1_3,1_3,1_3&#8243; use_custom_gutter=\u00bbon\u00bb make_equal=\u00bbon\u00bb [&hellip;]<\/p>\n","protected":false},"author":1,"featured_media":0,"parent":0,"menu_order":0,"comment_status":"closed","ping_status":"closed","template":"","meta":{"_et_pb_use_builder":"on","_et_pb_old_content":"<!-- wp:paragraph -->\r\n<p>\u00a0<\/p>\r\n<!-- \/wp:paragraph -->","_et_gb_content_width":"","_joinchat":[],"footnotes":""},"class_list":["post-2","page","type-page","status-publish","hentry"],"_links":{"self":[{"href":"https:\/\/atlasconstructora.cl\/index.php?rest_route=\/wp\/v2\/pages\/2","targetHints":{"allow":["GET"]}}],"collection":[{"href":"https:\/\/atlasconstructora.cl\/index.php?rest_route=\/wp\/v2\/pages"}],"about":[{"href":"https:\/\/atlasconstructora.cl\/index.php?rest_route=\/wp\/v2\/types\/page"}],"author":[{"embeddable":true,"href":"https:\/\/atlasconstructora.cl\/index.php?rest_route=\/wp\/v2\/users\/1"}],"replies":[{"embeddable":true,"href":"https:\/\/atlasconstructora.cl\/index.php?rest_route=%2Fwp%2Fv2%2Fcomments&post=2"}],"version-history":[{"count":95,"href":"https:\/\/atlasconstructora.cl\/index.php?rest_route=\/wp\/v2\/pages\/2\/revisions"}],"predecessor-version":[{"id":527,"href":"https:\/\/atlasconstructora.cl\/index.php?rest_route=\/wp\/v2\/pages\/2\/revisions\/527"}],"wp:attachment":[{"href":"https:\/\/atlasconstructora.cl\/index.php?rest_route=%2Fwp%2Fv2%2Fmedia&parent=2"}],"curies":[{"name":"wp","href":"https:\/\/api.w.org\/{rel}","templated":true}]}}