{"id":404,"date":"2023-03-28T14:32:28","date_gmt":"2023-03-28T14:32:28","guid":{"rendered":"https:\/\/atlasconstructora.cl\/?page_id=404"},"modified":"2025-10-11T02:46:06","modified_gmt":"2025-10-11T02:46:06","slug":"servicios","status":"publish","type":"page","link":"https:\/\/atlasconstructora.cl\/?page_id=404","title":{"rendered":"Servicios"},"content":{"rendered":"<p>[et_pb_section fb_built=\u00bb1&#8243; _builder_version=\u00bb4.8.1&#8243; _module_preset=\u00bbdefault\u00bb background_color=\u00bb#FEEE00&#8243;][et_pb_row _builder_version=\u00bb4.8.1&#8243; _module_preset=\u00bbdefault\u00bb][et_pb_column type=\u00bb4_4&#8243; _builder_version=\u00bb4.8.1&#8243; _module_preset=\u00bbdefault\u00bb][et_pb_text _builder_version=\u00bb4.8.1&#8243; _module_preset=\u00bbdefault\u00bb]<\/p>\n<h1 style=\"text-align: center;\">Buscamos Velar por el Real Mejoramiento de las Viviendas Sociales y Espacios P\u00fablicos.<\/h1>\n<p>[\/et_pb_text][\/et_pb_column][\/et_pb_row][\/et_pb_section][et_pb_section fb_built=\u00bb1&#8243; fullwidth=\u00bbon\u00bb _builder_version=\u00bb4.8.1&#8243; _module_preset=\u00bbdefault\u00bb][et_pb_fullwidth_image src=\u00bbhttps:\/\/atlasconstructora.cl\/wp-content\/uploads\/2023\/03\/header_hacemos.jpg\u00bb title_text=\u00bbheader_hacemos\u00bb _builder_version=\u00bb4.8.1&#8243; _module_preset=\u00bbdefault\u00bb][\/et_pb_fullwidth_image][\/et_pb_section][et_pb_section fb_built=\u00bb1&#8243; _builder_version=\u00bb4.8.1&#8243; _module_preset=\u00bbdefault\u00bb background_color=\u00bb#5B5B5F\u00bb][et_pb_row column_structure=\u00bb1_3,1_3,1_3&#8243; _builder_version=\u00bb4.8.1&#8243; _module_preset=\u00bbdefault\u00bb][et_pb_column type=\u00bb1_3&#8243; _builder_version=\u00bb4.8.1&#8243; _module_preset=\u00bbdefault\u00bb][et_pb_image src=\u00bbhttps:\/\/atlasconstructora.cl\/wp-content\/uploads\/2023\/03\/civiles2x.png\u00bb title_text=\u00bbciviles(2x)\u00bb align=\u00bbcenter\u00bb _builder_version=\u00bb4.8.1&#8243; _module_preset=\u00bbdefault\u00bb][\/et_pb_image][et_pb_text _builder_version=\u00bb4.8.1&#8243; _module_preset=\u00bbdefault\u00bb custom_margin=\u00bb||24px|||\u00bb]<\/p>\n<h3><strong><span style=\"color: #feee00;\">Obras Civiles<\/span><\/strong><\/h3>\n<p><strong><span style=\"color: #feee00;\"><\/span><\/strong><\/p>\n<p style=\"text-align: justify;\"><span style=\"color: #feee00;\">L\u00edderes en la reparaci\u00f3n de la vivienda social mediante estructuras met\u00e1licas, hormigones y tecnolog\u00eda de punta con la aplicaci\u00f3n de fibra de carbono e inyecciones ep\u00f3xicas.<\/span><\/p>\n<p style=\"text-align: justify;\"><span style=\"color: #feee00;\"><\/span><\/p>\n<p style=\"text-align: justify;\"><span style=\"color: #feee00;\"><\/span><\/p>\n<ul><\/ul>\n<p>[\/et_pb_text][et_pb_divider color=\u00bb#ffffff\u00bb _builder_version=\u00bb4.8.1&#8243; _module_preset=\u00bbdefault\u00bb][\/et_pb_divider][et_pb_text _builder_version=\u00bb4.8.1&#8243; _module_preset=\u00bbdefault\u00bb]<\/p>\n<ul>\n<li><span style=\"color: #feee00;\">Reconstrucci\u00f3n Hormigones<\/span><\/li>\n<li><span style=\"color: #feee00;\">Reparaciones con Fibra de Carbono<\/span><\/li>\n<li><span style=\"color: #feee00;\">Reparaciones Morteros y Ep\u00f3xicos<\/span><\/li>\n<li><span style=\"color: #feee00;\">Inyecciones Ep\u00f3xicas<\/span><\/li>\n<li><span style=\"color: #feee00;\">Soportes Met\u00e1licos Estructurales para\u00a0 \u00a0 \u00a0 \u00a0 \u00a0 Edificios.<\/span><\/li>\n<\/ul>\n<p>&nbsp;<\/p>\n<p>[\/et_pb_text][\/et_pb_column][et_pb_column type=\u00bb1_3&#8243; _builder_version=\u00bb4.8.1&#8243; _module_preset=\u00bbdefault\u00bb][et_pb_image src=\u00bbhttps:\/\/atlasconstructora.cl\/wp-content\/uploads\/2023\/03\/patrimonio2x.png\u00bb title_text=\u00bbpatrimonio(2x)\u00bb align=\u00bbcenter\u00bb _builder_version=\u00bb4.8.1&#8243; _module_preset=\u00bbdefault\u00bb][\/et_pb_image][et_pb_text _builder_version=\u00bb4.8.1&#8243; _module_preset=\u00bbdefault\u00bb custom_margin=\u00bb||24px|||\u00bb]<\/p>\n<h3><strong><span style=\"color: #feee00;\">Restauraci\u00f3n Patrimonial<\/span><\/strong><\/h3>\n<p><span style=\"color: #feee00;\"><\/span><\/p>\n<p style=\"text-align: justify;\"><span style=\"color: #feee00;\">Nuestra empresa se destaca en el rubro por la realizaci\u00f3n de un sinn\u00famero de proyectos de restauraci\u00f3n patrimonial en la ciudad de Valpara\u00edso, Patrimonio de la Humanidad de la UNESCO desde el a\u00f1o 2003.<\/span><\/p>\n<ul><\/ul>\n<p>[\/et_pb_text][et_pb_divider color=\u00bb#ffffff\u00bb _builder_version=\u00bb4.8.1&#8243; _module_preset=\u00bbdefault\u00bb][\/et_pb_divider][et_pb_text _builder_version=\u00bb4.8.1&#8243; _module_preset=\u00bbdefault\u00bb]<\/p>\n<ul>\n<li><span style=\"color: #feee00;\">Reconstrucci\u00f3n de Muros con Fibra de Carbono<\/span><\/li>\n<li><span style=\"color: #feee00;\">Reconstrucci\u00f3n de Fachadas<\/span><\/li>\n<li><span style=\"color: #feee00;\">Reconstrucci\u00f3n de Elementos Ornamentales<\/span><\/li>\n<li><span style=\"color: #feee00;\">Impermeabilizaci\u00f3n de Muros, Fachadas y Pintura.<\/span><\/li>\n<\/ul>\n<p>[\/et_pb_text][\/et_pb_column][et_pb_column type=\u00bb1_3&#8243; _builder_version=\u00bb4.8.1&#8243; _module_preset=\u00bbdefault\u00bb][et_pb_image src=\u00bbhttps:\/\/atlasconstructora.cl\/wp-content\/uploads\/2023\/03\/habitab2x.png\u00bb title_text=\u00bbhabitab(2x)\u00bb align=\u00bbcenter\u00bb _builder_version=\u00bb4.8.1&#8243; _module_preset=\u00bbdefault\u00bb][\/et_pb_image][et_pb_text _builder_version=\u00bb4.8.1&#8243; _module_preset=\u00bbdefault\u00bb custom_margin=\u00bb||19px|||\u00bb]<\/p>\n<h3><span style=\"color: #feee00;\"><strong>Habitabilidad<\/strong><\/span><\/h3>\n<p><span style=\"color: #feee00;\"><strong><\/strong><\/span><\/p>\n<p style=\"text-align: justify;\"><span style=\"color: #feee00;\">Nuestro compromiso es el mejoramiento de la calidad de vida de la poblaci\u00f3n m\u00e1s vulnerable. Por eso, hemos adquirido la responsabilidad de reparar m\u00e1s de 3.800 viviendas, proporcion\u00e1ndoles as\u00ed un mejor bienestar a sus habitantes.<\/span><\/p>\n<p>[\/et_pb_text][et_pb_divider color=\u00bb#ffffff\u00bb _builder_version=\u00bb4.8.1&#8243; _module_preset=\u00bbdefault\u00bb][\/et_pb_divider][et_pb_text _builder_version=\u00bb4.8.1&#8243; _module_preset=\u00bbdefault\u00bb]<\/p>\n<ul>\n<li><span style=\"color: #feee00;\">Mejoramientos Techumbre<\/span><\/li>\n<li><span style=\"color: #feee00;\">Mejoramientos Pisos<\/span><\/li>\n<li><span style=\"color: #feee00;\">Mejoramientos Ventanas<\/span><\/li>\n<li><span style=\"color: #feee00;\">Mejoramientos Ba\u00f1os<\/span><\/li>\n<li><span style=\"color: #feee00;\">Mejoramientos Instalaciones Sanitarias<\/span><\/li>\n<\/ul>\n<p>[\/et_pb_text][\/et_pb_column][\/et_pb_row][\/et_pb_section]<\/p>\n","protected":false},"excerpt":{"rendered":"<p>[et_pb_section fb_built=\u00bb1&#8243; _builder_version=\u00bb4.8.1&#8243; _module_preset=\u00bbdefault\u00bb background_color=\u00bb#FEEE00&#8243;][et_pb_row _builder_version=\u00bb4.8.1&#8243; _module_preset=\u00bbdefault\u00bb][et_pb_column type=\u00bb4_4&#8243; _builder_version=\u00bb4.8.1&#8243; _module_preset=\u00bbdefault\u00bb][et_pb_text _builder_version=\u00bb4.8.1&#8243; _module_preset=\u00bbdefault\u00bb] Buscamos Velar por el Real Mejoramiento de las Viviendas Sociales y Espacios P\u00fablicos. [\/et_pb_text][\/et_pb_column][\/et_pb_row][\/et_pb_section][et_pb_section fb_built=\u00bb1&#8243; fullwidth=\u00bbon\u00bb _builder_version=\u00bb4.8.1&#8243; _module_preset=\u00bbdefault\u00bb][et_pb_fullwidth_image src=\u00bbhttps:\/\/atlasconstructora.cl\/wp-content\/uploads\/2023\/03\/header_hacemos.jpg\u00bb title_text=\u00bbheader_hacemos\u00bb _builder_version=\u00bb4.8.1&#8243; _module_preset=\u00bbdefault\u00bb][\/et_pb_fullwidth_image][\/et_pb_section][et_pb_section fb_built=\u00bb1&#8243; _builder_version=\u00bb4.8.1&#8243; _module_preset=\u00bbdefault\u00bb background_color=\u00bb#5B5B5F\u00bb][et_pb_row column_structure=\u00bb1_3,1_3,1_3&#8243; _builder_version=\u00bb4.8.1&#8243; _module_preset=\u00bbdefault\u00bb][et_pb_column type=\u00bb1_3&#8243; _builder_version=\u00bb4.8.1&#8243; _module_preset=\u00bbdefault\u00bb][et_pb_image src=\u00bbhttps:\/\/atlasconstructora.cl\/wp-content\/uploads\/2023\/03\/civiles2x.png\u00bb title_text=\u00bbciviles(2x)\u00bb align=\u00bbcenter\u00bb _builder_version=\u00bb4.8.1&#8243; _module_preset=\u00bbdefault\u00bb][\/et_pb_image][et_pb_text _builder_version=\u00bb4.8.1&#8243; _module_preset=\u00bbdefault\u00bb custom_margin=\u00bb||24px|||\u00bb] Obras Civiles L\u00edderes [&hellip;]<\/p>\n","protected":false},"author":1,"featured_media":0,"parent":0,"menu_order":0,"comment_status":"closed","ping_status":"closed","template":"","meta":{"_et_pb_use_builder":"on","_et_pb_old_content":"","_et_gb_content_width":"","_joinchat":[],"footnotes":""},"class_list":["post-404","page","type-page","status-publish","hentry"],"_links":{"self":[{"href":"https:\/\/atlasconstructora.cl\/index.php?rest_route=\/wp\/v2\/pages\/404","targetHints":{"allow":["GET"]}}],"collection":[{"href":"https:\/\/atlasconstructora.cl\/index.php?rest_route=\/wp\/v2\/pages"}],"about":[{"href":"https:\/\/atlasconstructora.cl\/index.php?rest_route=\/wp\/v2\/types\/page"}],"author":[{"embeddable":true,"href":"https:\/\/atlasconstructora.cl\/index.php?rest_route=\/wp\/v2\/users\/1"}],"replies":[{"embeddable":true,"href":"https:\/\/atlasconstructora.cl\/index.php?rest_route=%2Fwp%2Fv2%2Fcomments&post=404"}],"version-history":[{"count":9,"href":"https:\/\/atlasconstructora.cl\/index.php?rest_route=\/wp\/v2\/pages\/404\/revisions"}],"predecessor-version":[{"id":541,"href":"https:\/\/atlasconstructora.cl\/index.php?rest_route=\/wp\/v2\/pages\/404\/revisions\/541"}],"wp:attachment":[{"href":"https:\/\/atlasconstructora.cl\/index.php?rest_route=%2Fwp%2Fv2%2Fmedia&parent=404"}],"curies":[{"name":"wp","href":"https:\/\/api.w.org\/{rel}","templated":true}]}}